{"id":1171,"date":"2016-06-01T11:35:07","date_gmt":"2016-06-01T09:35:07","guid":{"rendered":"http:\/\/www.vernagallostile.com\/wp\/?page_id=1171"},"modified":"2019-02-10T22:17:50","modified_gmt":"2019-02-10T21:17:50","slug":"legal","status":"publish","type":"page","link":"https:\/\/www.vernagallostile.com\/it\/legal\/","title":{"rendered":"LEGAL"},"content":{"rendered":"<p><div class=\"fusion-fullwidth fullwidth-box fusion-builder-row-1 nonhundred-percent-fullwidth non-hundred-percent-height-scrolling\" style=\"--awb-background-position:left top;--awb-border-radius-top-left:0px;--awb-border-radius-top-right:0px;--awb-border-radius-bottom-right:0px;--awb-border-radius-bottom-left:0px;--awb-padding-top:20px;--awb-padding-bottom:20px;--awb-border-sizes-top:0px;--awb-border-sizes-bottom:0px;--awb-flex-wrap:wrap;\" ><div class=\"fusion-builder-row fusion-row\"><div class=\"fusion-layout-column fusion_builder_column fusion-builder-column-0 fusion_builder_column_1_1 1_1 fusion-one-full fusion-column-first fusion-column-last fusion-column-no-min-height\" style=\"--awb-bg-size:cover;--awb-margin-bottom:0px;\"><div class=\"fusion-column-wrapper fusion-flex-column-wrapper-legacy\"><div class=\"fusion-title title fusion-title-1 fusion-sep-none fusion-title-center fusion-title-text fusion-title-size-one\"><h1 class=\"fusion-title-heading title-heading-center\" style=\"margin:0;\"><h2 align=\"center\"><b><span style=\"color: #999999;\">LEGAL ADVICE<\/span><\/b><\/h2><\/h1><\/div><div class=\"fusion-clearfix\"><\/div><\/div><\/div><div class=\"fusion-layout-column fusion_builder_column fusion-builder-column-1 fusion_builder_column_1_1 1_1 fusion-one-full fusion-column-first fusion-column-last fusion-column-no-min-height\" style=\"--awb-bg-size:cover;--awb-margin-bottom:0px;\"><div class=\"fusion-column-wrapper fusion-flex-column-wrapper-legacy\"><div class=\"fusion-title title fusion-title-2 fusion-sep-none fusion-title-center fusion-title-text fusion-title-size-one\"><h1 class=\"fusion-title-heading title-heading-center\" style=\"margin:0;\"><h3 align=\"center\">AVVERTENZE: termini e condizioni di utilizzo del sito web <a href=\"http:\/\/www.vernagallostile.com\/\" target=\"_blank\">vernagallo.it<\/a><\/h3><\/h1><\/div><div class=\"fusion-text fusion-text-1\"><p>Per &#8220;Sito Web&#8221; si intende il sito Internet corrispondente al dominio vernagallo.it.<br \/>\nPer &#8220;Utente&#8221; si intende qualunque visitatore ovvero utilizzatore del Sito Web.<br \/>\nPer &#8220;Condizioni di Utilizzo&#8221; si intendono i seguenti termini e condizioni di utilizzo del Sito Web.<br \/>\nPrima di utilizzare il Sito Web leggere attentamente le Condizioni di Utilizzo<br \/>\nAccedendo a qualunque parte o sezione del Sito Web, l&#8217;Utente accetta di vincolarsi alle condizioni di utilizzo e si impegna ad attenersi ad esse.<br \/>\nSe l\u2019utente non \u00e8 d&#8217;accordo con alcuna delle condizioni riportate nelle Condizioni di Utilizzo sotto riportate non deve accedere al n\u00e9 utilizzare il Sito Web.<\/p>\n<p>1. Le informazioni pubblicate sul Sito Web sono fornite dalla Vernagallo Stile\u00a9 e Giovanni Vernagallo titolare della societ\u00e0. L&#8217;Utente riconosce che le informazioni, i dati, il software, le fotografie, i grafici, i video, la grafica, la musica, i suoni, le immagini, le illustrazioni, i disegni, le icone e qualunque altro materiale presente su questo Sito Web sono di propriet\u00e0 esclusiva della Vernagallo Stile\u00a9 e Giovanni Vernagallo e\/o di terze parti qualora segnalato.<\/p>\n<p>2. I marchi nominativi e figurativi sono di esclusiva propriet\u00e0 della Vernagallo Stile\u00a9 e Giovanni Vernagallo o dei rispettivi titolari ed \u00e8 vietato qualsiasi uso o riproduzione degli stessi.<\/p>\n<p>3. L\u2019Utente dispone della facolt\u00e0 di scaricare materiale precedentemente pubblicato sul Sito Web solamente per un uso personale legittimo e si impegna sin d\u2019ora a non utilizzarlo per attivit\u00e0 speculative o fraudolente. Salvo le diverse indicazioni pubblicate sulle pagine del Sito Web, l\u2019Utente ha la facolt\u00e0 di effettuare copie cartacee del Sito Web solo per uso personale, a condizione che ogni eventuale copia mantenga le indicazioni relative ai diritti di propriet\u00e0 intellettuale e le relative esclusioni di responsabilit\u00e0. Ogni altro utilizzo \u00e8 espressamente vietato; l\u2019Utente che dovesse compiere atti fraudolenti o illegali sar\u00e0 perseguito a norma di legge.<\/p>\n<p>4. Le informazioni, i software e i servizi inclusi o disponibili tramite il Sito Web possono contenere inaccuratezze o errori, nonostante l\u2019adozione da parte della Vernagallo Stile\u00a9 e Giovanni Vernagallo di ogni ragionevole precauzione al fine di prevenirli al momento della loro pubblicazione. La Vernagallo Stile\u00a9 e Giovanni Vernagallo aggiornano regolarmente il Sito Web e hanno la facolt\u00e0 di modificare le informazioni pubblicate in qualsiasi momento senza preavviso.<\/p>\n<p>5. La Vernagallo Stile\u00a9 e Giovanni Vernagallo e\/o i suoi fornitori non rilasciano alcuna garanzia o dichiarazione circa la appropriatezza, affidabilit\u00e0, disponibilit\u00e0, assenza di virus (o di altri componenti che possono causare danni) e accuratezza delle informazioni, del software, dei servizi e della relativa grafica contenuti nel Sito o nei servizi offerti in relazione a qualsivoglia fine. In nessun caso La Vernagallo Stile\u00a9, Giovanni Vernagallo e i suoi amministratori, agenti o collaboratori e consulenti, ovvero i suoi fornitori, potranno essere ritenuti responsabili per danni diretti, indiretti, morali, incidentali, speciali o consequenziali o per danni di qualsiasi tipo inclusi, in via esemplificativa, i danni per perdita di utilizzo, dati o profitti, derivanti da, o in qualche modo connessi a, l&#8217;utilizzo o l&#8217;esecuzione del Sito Web o degli eventuali servizi in esso presenti, al ritardo o all&#8217;impossibilit\u00e0 di utilizzare il Sito Web o i relativi servizi, alla fornitura o alla mancata fornitura dei servizi, o a qualsiasi informazione, software, servizio e alla relativa grafica ottenuti tramite il Sito Web. La Vernagallo Stile\u00a9 e Giovanni Vernagallo non potranno essere in alcun caso e modo ritenuti responsabili di eventuali danni o lesioni, perdite e inadempienze causate da servizi o sezioni del Sito Web dei quali non curi direttamente la gestione.<\/p>\n<p>6. La Vernagallo Stile\u00a9 e Giovanni Vernagallo declinano ogni responsabilit\u00e0 in relazione al contenuto di qualsiasi altro sito web tramite il quale, attraverso un link, l\u2019Utente abbia raggiunto il Sito Web o che l\u2019Utente abbia raggiunto tramite un link presente sul Sito Web.<\/p>\n<p>7. La Vernagallo Stile\u00a9 e Giovanni Vernagallo potranno terminare o sospendere l&#8217;accesso dell&#8217;Utente a tutto o a parte del Sito Web, in qualunque momento, senza preavviso e a sua esclusiva discrezione.<\/p>\n<p>8. Le Condizioni di Utilizzo sono disciplinate e interpretate dalla legge italiana. Se qualunque clausola o parte di una clausola delle Condizioni di Utilizzo dovesse essere ritenuta nulla perch\u00e9 contraria ad una disposizione di legge applicabile, tutti gli altri termini e clausole o parti di clausola rimarranno pienamente valide ed efficaci.<\/p>\n<p>9. Per ogni controversia derivante dalle Condizioni di Utilizzo o ad esse relativa sar\u00e0 competente in via esclusiva il Foro di Torino, Italia.\u2028Per tutto quanto qui non espressamente previsto, valgono le disposizioni di legge vigenti nell&#8217;ordinamento italiano.<\/p>\n<p>BRAND PROTECTION<\/p>\n<p>I marchi e le diciture VERNAGALLO &#8211; VERNAGALLO STILE \u2013 GIOVANNI VERNAGALLO &#8211; VDESIGN &#8211; VTOURISM &#8211; VSERVICES sono di propriet\u00e0 esclusiva della Vernagallo Stile\u00a9 e Giovanni Vernagallo.<br \/>\nTutti gli usi illeciti e non autorizzati di questi marchi, ovvero alterazioni o imitazioni che ne configurano la contraffazione, sono perseguibili ai sensi delle vigenti normative in materia.<br \/>\nDi seguito tutti i brands coperti da copyright, con la specifica che la copertura dei diritti \u00e8 relativa a tutte le cromie.<\/p>\n<p>NOTA: E&#8217; possibile richiedere l&#8217;autorizzazione all&#8217;utilizzo dei marchi solo ed esclusivamente al titolare degli stessi, Sig. Giovanni Vernagallo, utilizzando l&#8217;indirizzo mail info@www.vernagallostile.com<\/p>\n<\/div><div class=\"fusion-clearfix\"><\/div><\/div><\/div><\/div><\/div><div class=\"fusion-fullwidth fullwidth-box fusion-builder-row-2 nonhundred-percent-fullwidth non-hundred-percent-height-scrolling\" style=\"--awb-background-position:left top;--awb-border-radius-top-left:0px;--awb-border-radius-top-right:0px;--awb-border-radius-bottom-right:0px;--awb-border-radius-bottom-left:0px;--awb-padding-top:20px;--awb-padding-bottom:20px;--awb-border-sizes-top:0px;--awb-border-sizes-bottom:0px;--awb-flex-wrap:wrap;\" ><div class=\"fusion-builder-row fusion-row\"><div class=\"fusion-layout-column fusion_builder_column fusion-builder-column-2 fusion_builder_column_1_1 1_1 fusion-one-full fusion-column-first fusion-column-last fusion-column-no-min-height\" style=\"--awb-bg-size:cover;--awb-margin-bottom:0px;\"><div class=\"fusion-column-wrapper fusion-flex-column-wrapper-legacy\"><div class=\"fusion-image-element in-legacy-container\" style=\"--awb-caption-title-font-family:var(--h2_typography-font-family);--awb-caption-title-font-weight:var(--h2_typography-font-weight);--awb-caption-title-font-style:var(--h2_typography-font-style);--awb-caption-title-size:var(--h2_typography-font-size);--awb-caption-title-transform:var(--h2_typography-text-transform);--awb-caption-title-line-height:var(--h2_typography-line-height);--awb-caption-title-letter-spacing:var(--h2_typography-letter-spacing);\"><span class=\" fusion-imageframe imageframe-none imageframe-1 hover-type-none\"><img decoding=\"async\" src=\"http:\/\/www.vernagallostile.com\/wp-content\/uploads\/2016\/06\/vernagallo__tutti-i-loghi-italiano.png\" alt class=\"img-responsive\"\/><\/span><\/div><div class=\"fusion-clearfix\"><\/div><\/div><\/div><\/div><\/div><div class=\"fusion-fullwidth fullwidth-box fusion-builder-row-3 hundred-percent-fullwidth non-hundred-percent-height-scrolling\" style=\"--awb-border-radius-top-left:0px;--awb-border-radius-top-right:0px;--awb-border-radius-bottom-right:0px;--awb-border-radius-bottom-left:0px;--awb-overflow:visible;--awb-flex-wrap:wrap;\" ><div class=\"fusion-builder-row fusion-row\"><div class=\"fusion-layout-column fusion_builder_column fusion-builder-column-3 fusion_builder_column_1_1 1_1 fusion-one-full fusion-column-first fusion-column-last fusion-column-no-min-height\" style=\"--awb-bg-size:cover;--awb-margin-bottom:0px;\"><div class=\"fusion-column-wrapper fusion-flex-column-wrapper-legacy\"><div class=\"fusion-text fusion-text-2\"><p>\u00a0<\/p>\n<\/div><div class=\"fusion-clearfix\"><\/div><\/div><\/div><\/div><\/div><div class=\"fusion-fullwidth fullwidth-box fusion-builder-row-4 nonhundred-percent-fullwidth non-hundred-percent-height-scrolling\" style=\"--awb-background-position:left top;--awb-border-radius-top-left:0px;--awb-border-radius-top-right:0px;--awb-border-radius-bottom-right:0px;--awb-border-radius-bottom-left:0px;--awb-padding-top:5px;--awb-padding-bottom:5px;--awb-border-sizes-top:0px;--awb-border-sizes-bottom:0px;--awb-flex-wrap:wrap;\" ><div class=\"fusion-builder-row fusion-row\"><div class=\"fusion-layout-column fusion_builder_column fusion-builder-column-4 fusion_builder_column_1_3 1_3 fusion-one-third fusion-column-first fusion-column-inner-bg-wrapper\" style=\"--awb-inner-bg-size:cover;width:30.6666%; margin-right: 4%;\"><span class=\"fusion-column-inner-bg hover-type-none\"><a class=\"fusion-column-anchor\" href=\"http:\/\/www.vernagallostile.com\/tourism\/\"><span class=\"fusion-column-inner-bg-image\"><\/span><\/a><\/span><div class=\"fusion-column-wrapper fusion-flex-column-wrapper-legacy\"><div class=\"fusion-image-element fusion-image-align-center in-legacy-container\" style=\"text-align:center;--awb-caption-title-font-family:var(--h2_typography-font-family);--awb-caption-title-font-weight:var(--h2_typography-font-weight);--awb-caption-title-font-style:var(--h2_typography-font-style);--awb-caption-title-size:var(--h2_typography-font-size);--awb-caption-title-transform:var(--h2_typography-text-transform);--awb-caption-title-line-height:var(--h2_typography-line-height);--awb-caption-title-letter-spacing:var(--h2_typography-letter-spacing);\"><div class=\"imageframe-align-center\"><span class=\" fusion-imageframe imageframe-none imageframe-2 hover-type-none\"><img decoding=\"async\" src=\"http:\/\/www.vernagallostile.com\/wp-content\/uploads\/2016\/05\/footer_v_tourism-1.jpg\" alt class=\"img-responsive\"\/><\/span><\/div><\/div><div class=\"fusion-clearfix\"><\/div><\/div><\/div><div class=\"fusion-layout-column fusion_builder_column fusion-builder-column-5 fusion_builder_column_1_3 1_3 fusion-one-third fusion-column-inner-bg-wrapper\" style=\"--awb-inner-bg-size:cover;width:30.6666%; margin-right: 4%;\"><span class=\"fusion-column-inner-bg hover-type-none\"><a class=\"fusion-column-anchor\" href=\"http:\/\/www.vernagallostile.com\/design\/\"><span class=\"fusion-column-inner-bg-image\"><\/span><\/a><\/span><div class=\"fusion-column-wrapper fusion-flex-column-wrapper-legacy\"><div class=\"fusion-image-element fusion-image-align-center in-legacy-container\" style=\"text-align:center;--awb-caption-title-font-family:var(--h2_typography-font-family);--awb-caption-title-font-weight:var(--h2_typography-font-weight);--awb-caption-title-font-style:var(--h2_typography-font-style);--awb-caption-title-size:var(--h2_typography-font-size);--awb-caption-title-transform:var(--h2_typography-text-transform);--awb-caption-title-line-height:var(--h2_typography-line-height);--awb-caption-title-letter-spacing:var(--h2_typography-letter-spacing);\"><div class=\"imageframe-align-center\"><span class=\" fusion-imageframe imageframe-none imageframe-3 hover-type-none\"><img decoding=\"async\" src=\"http:\/\/www.vernagallostile.com\/wp-content\/uploads\/2016\/05\/footer_v_design.jpg\" alt class=\"img-responsive\"\/><\/span><\/div><\/div><div class=\"fusion-clearfix\"><\/div><\/div><\/div><div class=\"fusion-layout-column fusion_builder_column fusion-builder-column-6 fusion_builder_column_1_3 1_3 fusion-one-third fusion-column-last fusion-column-inner-bg-wrapper\" style=\"--awb-inner-bg-size:cover;width:30.6666%;\"><span class=\"fusion-column-inner-bg hover-type-none\"><a class=\"fusion-column-anchor\" href=\"http:\/\/www.vernagallostile.com\/services\/\"><span class=\"fusion-column-inner-bg-image\"><\/span><\/a><\/span><div class=\"fusion-column-wrapper fusion-flex-column-wrapper-legacy\"><div class=\"fusion-image-element fusion-image-align-center in-legacy-container\" style=\"text-align:center;--awb-caption-title-font-family:var(--h2_typography-font-family);--awb-caption-title-font-weight:var(--h2_typography-font-weight);--awb-caption-title-font-style:var(--h2_typography-font-style);--awb-caption-title-size:var(--h2_typography-font-size);--awb-caption-title-transform:var(--h2_typography-text-transform);--awb-caption-title-line-height:var(--h2_typography-line-height);--awb-caption-title-letter-spacing:var(--h2_typography-letter-spacing);\"><div class=\"imageframe-align-center\"><span class=\" fusion-imageframe imageframe-none imageframe-4 hover-type-none\"><img decoding=\"async\" src=\"http:\/\/www.vernagallostile.com\/wp-content\/uploads\/2016\/05\/footer_v_services-vernagallo_style.jpg\" alt class=\"img-responsive\"\/><\/span><\/div><\/div><div class=\"fusion-clearfix\"><\/div><\/div><\/div><\/div><\/div><\/p>\n","protected":false},"excerpt":{"rendered":"","protected":false},"author":2,"featured_media":0,"parent":0,"menu_order":0,"comment_status":"closed","ping_status":"closed","template":"","meta":{"footnotes":""},"class_list":["post-1171","page","type-page","status-publish","hentry"],"_links":{"self":[{"href":"https:\/\/www.vernagallostile.com\/it\/wp-json\/wp\/v2\/pages\/1171","targetHints":{"allow":["GET"]}}],"collection":[{"href":"https:\/\/www.vernagallostile.com\/it\/wp-json\/wp\/v2\/pages"}],"about":[{"href":"https:\/\/www.vernagallostile.com\/it\/wp-json\/wp\/v2\/types\/page"}],"author":[{"embeddable":true,"href":"https:\/\/www.vernagallostile.com\/it\/wp-json\/wp\/v2\/users\/2"}],"replies":[{"embeddable":true,"href":"https:\/\/www.vernagallostile.com\/it\/wp-json\/wp\/v2\/comments?post=1171"}],"version-history":[{"count":5,"href":"https:\/\/www.vernagallostile.com\/it\/wp-json\/wp\/v2\/pages\/1171\/revisions"}],"predecessor-version":[{"id":3892,"href":"https:\/\/www.vernagallostile.com\/it\/wp-json\/wp\/v2\/pages\/1171\/revisions\/3892"}],"wp:attachment":[{"href":"https:\/\/www.vernagallostile.com\/it\/wp-json\/wp\/v2\/media?parent=1171"}],"curies":[{"name":"wp","href":"https:\/\/api.w.org\/{rel}","templated":true}]}}